{"id":62,"date":"2023-01-29T11:37:24","date_gmt":"2023-01-29T11:37:24","guid":{"rendered":"https:\/\/vacikarateoldal.hu\/?page_id=62"},"modified":"2024-11-10T22:16:09","modified_gmt":"2024-11-10T22:16:09","slug":"klubunk","status":"publish","type":"page","link":"https:\/\/vacikarateoldal.hu\/?page_id=62","title":{"rendered":"Klubunk"},"content":{"rendered":"\n<p><strong>A V\u00e1c De\u00e1kv\u00e1r SE Kyokushin Karate Szakoszt\u00e1lya<\/strong><\/p>\n\n\n\n<p>Edz\u00e9sek: <\/p>\n\n\n\n<p>V\u00e1c, S\u00e1gv\u00e1ri Club (Veressipk\u00e1s u. 2.), h\u00e9tf\u0151-cs\u00fct\u00f6rt\u00f6k 18:30-20:00 <\/p>\n\n\n\n<p>Keszeg, Konditerem (Pet\u0151fi \u00fat 2.), kedd-szerda: 18:30-20:00<\/p>\n\n\n\n<p>A Klub kezdetei 2002-re tehet\u0151k, amikor Wachtler Viktor klubvezet\u0151 tan\u00edtani kezdett a F\u00f6ldv\u00e1ry K\u00e1roly \u00c1ltal\u00e1nos Iskol\u00e1ban, s ezzel p\u00e1rhuzamosan eleinte csak n\u00e9h\u00e1ny gyereknek oktatni a Kyokushin Karat\u00e9t. Kezdetben a m\u0171k\u00f6d\u00e9s egy budapesti egyes\u00fclet, a Kett\u0151 SE \u00e9gisze alatt, majd \u00f6n\u00e1ll\u00f3 klubk\u00e9nt a F\u00f6ldv\u00e1ry K\u00e1roly DSE keretein bel\u00fcl val\u00f3sult meg 2003 \u0151sz\u00e9t\u0151l.<\/p>\n\n\n\n<figure class=\"wp-block-image size-full\"><img loading=\"lazy\" decoding=\"async\" width=\"720\" height=\"960\" src=\"https:\/\/vacikarateoldal.hu\/wp-content\/uploads\/2023\/01\/2003.jpg\" alt=\"\" class=\"wp-image-69\" srcset=\"https:\/\/vacikarateoldal.hu\/wp-content\/uploads\/2023\/01\/2003.jpg 720w, https:\/\/vacikarateoldal.hu\/wp-content\/uploads\/2023\/01\/2003-225x300.jpg 225w, https:\/\/vacikarateoldal.hu\/wp-content\/uploads\/2023\/01\/2003-45x60.jpg 45w\" sizes=\"auto, (max-width: 720px) 100vw, 720px\" \/><figcaption class=\"wp-element-caption\">2002-2003 a kezdetek<\/figcaption><\/figure>\n\n\n\n<p>A klub 2004 elej\u00e9n kezdte meg hivatalos m\u0171k\u00f6d\u00e9s\u00e9t, miut\u00e1n felvette rendes tagjai sor\u00e1ba az Oyama Karate Kyokushin Hungary Szervezet (OKKHSz) (2003. decemberi k\u00f6zgy\u0171l\u00e9s\u00e9n), valamint a Magyar Karate Szaksz\u00f6vets\u00e9gn\u00e9l is st\u00e1tuszba ker\u00fclt (2004. febru\u00e1rt\u00f3l).<\/p>\n\n\n\n<figure class=\"wp-block-image size-full\"><img loading=\"lazy\" decoding=\"async\" width=\"960\" height=\"720\" src=\"https:\/\/vacikarateoldal.hu\/wp-content\/uploads\/2023\/01\/2004.jpg\" alt=\"\" class=\"wp-image-70\" srcset=\"https:\/\/vacikarateoldal.hu\/wp-content\/uploads\/2023\/01\/2004.jpg 960w, https:\/\/vacikarateoldal.hu\/wp-content\/uploads\/2023\/01\/2004-300x225.jpg 300w, https:\/\/vacikarateoldal.hu\/wp-content\/uploads\/2023\/01\/2004-768x576.jpg 768w, https:\/\/vacikarateoldal.hu\/wp-content\/uploads\/2023\/01\/2004-80x60.jpg 80w\" sizes=\"auto, (max-width: 960px) 100vw, 960px\" \/><figcaption class=\"wp-element-caption\">2004.  az els\u0151 \u00f6vvizsga<\/figcaption><\/figure>\n\n\n\n<figure class=\"wp-block-image size-full\"><img loading=\"lazy\" decoding=\"async\" width=\"960\" height=\"720\" src=\"https:\/\/vacikarateoldal.hu\/wp-content\/uploads\/2023\/01\/2004-1.jpg\" alt=\"\" class=\"wp-image-71\" srcset=\"https:\/\/vacikarateoldal.hu\/wp-content\/uploads\/2023\/01\/2004-1.jpg 960w, https:\/\/vacikarateoldal.hu\/wp-content\/uploads\/2023\/01\/2004-1-300x225.jpg 300w, https:\/\/vacikarateoldal.hu\/wp-content\/uploads\/2023\/01\/2004-1-768x576.jpg 768w, https:\/\/vacikarateoldal.hu\/wp-content\/uploads\/2023\/01\/2004-1-80x60.jpg 80w\" sizes=\"auto, (max-width: 960px) 100vw, 960px\" \/><figcaption class=\"wp-element-caption\">Az els\u0151 verseny &#8211; Karcag OB<\/figcaption><\/figure>\n\n\n\n<p>2012 \u00e1prilis\u00e1ban a F\u00f6ldv\u00e1ry K\u00e1roly DSE jogut\u00f3d n\u00e9lk\u00fcl megsz\u0171nt, \u00edgy Szakoszt\u00e1lyk\u00e9nt a V\u00e1c-De\u00e1kv\u00e1r SE-hez csatlakozott a Klub.<\/p>\n\n\n\n<p>A Klub a v\u00e1ci&nbsp;<a href=\"http:\/\/www.foldvary.hu\/\" target=\"_blank\" rel=\"noreferrer noopener\">F\u00f6ldv\u00e1ry K\u00e1roly \u00c1ltal\u00e1nos Iskol\u00e1ban<\/a>&nbsp;folytatta m\u0171k\u00f6d\u00e9s\u00e9t eg\u00e9szen 2020-ig az iskol\u00e1val szervesen egy\u00fcttm\u0171k\u00f6dve. A covid j\u00e1rv\u00e1ny miatt azonban a V\u00e1c-De\u00e1kv\u00e1r SE sz\u00e9khely\u00e9re kellett \u00e1thelyezni az edz\u00e9sek helysz\u00edn\u00e9t.<\/p>\n\n\n\n<figure class=\"wp-block-image size-full\"><img loading=\"lazy\" decoding=\"async\" width=\"960\" height=\"719\" src=\"https:\/\/vacikarateoldal.hu\/wp-content\/uploads\/2023\/01\/2010.jpg\" alt=\"\" class=\"wp-image-72\" srcset=\"https:\/\/vacikarateoldal.hu\/wp-content\/uploads\/2023\/01\/2010.jpg 960w, https:\/\/vacikarateoldal.hu\/wp-content\/uploads\/2023\/01\/2010-300x225.jpg 300w, https:\/\/vacikarateoldal.hu\/wp-content\/uploads\/2023\/01\/2010-768x575.jpg 768w, https:\/\/vacikarateoldal.hu\/wp-content\/uploads\/2023\/01\/2010-80x60.jpg 80w\" sizes=\"auto, (max-width: 960px) 100vw, 960px\" \/><figcaption class=\"wp-element-caption\">2010 szabadt\u00e9ri edz\u00e9s<\/figcaption><\/figure>\n\n\n\n<p>&nbsp;Az elm\u00falt \u00e9vtizedekben siker\u00fclt sportt\u00f6rt\u00e9netet \u00edrni, mind a v\u00e1ros, mind pedig az iskola berkein bel\u00fcl is, bizony\u00edtj\u00e1k ezt a versenyeredm\u00e9nyek, illetve az edz\u00e9sek fokozatosan n\u00f6vekv\u0151 n\u00e9pszer\u0171\u00e9ge is. N\u00e9h\u00e1ny \u00e9vig Ver\u0151c\u00e9n \u00e9s R\u00e1don is folytak edz\u00e9sek.<\/p>\n\n\n\n<figure class=\"wp-block-image size-full\"><img loading=\"lazy\" decoding=\"async\" width=\"960\" height=\"598\" src=\"https:\/\/vacikarateoldal.hu\/wp-content\/uploads\/2023\/01\/2014.jpg\" alt=\"\" class=\"wp-image-73\" srcset=\"https:\/\/vacikarateoldal.hu\/wp-content\/uploads\/2023\/01\/2014.jpg 960w, https:\/\/vacikarateoldal.hu\/wp-content\/uploads\/2023\/01\/2014-300x187.jpg 300w, https:\/\/vacikarateoldal.hu\/wp-content\/uploads\/2023\/01\/2014-768x478.jpg 768w, https:\/\/vacikarateoldal.hu\/wp-content\/uploads\/2023\/01\/2014-96x60.jpg 96w\" sizes=\"auto, (max-width: 960px) 100vw, 960px\" \/><figcaption class=\"wp-element-caption\">2014 csoportk\u00e9p<\/figcaption><\/figure>\n\n\n\n<p>Jelenleg a klub edz\u00e9seit t\u00f6bb k\u00f6rnyez\u0151 telep\u00fcl\u00e9sr\u0151l mintegy 15-20 f\u0151 l\u00e1togatja. Nyaranta \u00e9s telente edz\u0151t\u00e1borok vannak (klub, illetve szervezeti szint\u0171 nemzetk\u00f6zi t\u00e1borok), a klub V\u00e1cott \u00e9s a k\u00f6rnyez\u0151 telep\u00fcl\u00e9seken is tart l\u00e1tv\u00e1nyos bemutat\u00f3kat.<\/p>\n\n\n\n<p>2023-t\u00f3l elindultak az edz\u00e9seink Keszegen is.<\/p>\n\n\n\n<figure class=\"wp-block-image size-large\"><img loading=\"lazy\" decoding=\"async\" width=\"1024\" height=\"576\" src=\"https:\/\/vacikarateoldal.hu\/wp-content\/uploads\/2023\/01\/2022-1024x576.jpg\" alt=\"\" class=\"wp-image-74\" srcset=\"https:\/\/vacikarateoldal.hu\/wp-content\/uploads\/2023\/01\/2022-1024x576.jpg 1024w, https:\/\/vacikarateoldal.hu\/wp-content\/uploads\/2023\/01\/2022-300x169.jpg 300w, https:\/\/vacikarateoldal.hu\/wp-content\/uploads\/2023\/01\/2022-768x432.jpg 768w, https:\/\/vacikarateoldal.hu\/wp-content\/uploads\/2023\/01\/2022-1536x864.jpg 1536w, https:\/\/vacikarateoldal.hu\/wp-content\/uploads\/2023\/01\/2022-107x60.jpg 107w, https:\/\/vacikarateoldal.hu\/wp-content\/uploads\/2023\/01\/2022.jpg 2048w\" sizes=\"auto, (max-width: 1024px) 100vw, 1024px\" \/><figcaption class=\"wp-element-caption\">2022. 20. \u00e9ves jubileumi edz\u00e9s a kem\u00e9nymaggal<\/figcaption><\/figure>\n\n\n\n<p>Jelenleg akt\u00edv fekete \u00f6veseink:<\/p>\n\n\n\n<p>Sensei Wachtler Viktor (4.dan)<\/p>\n\n\n\n<p>Sempai Szot\u00e1k G\u00e1bor (1.dan)<\/p>\n\n\n\n<p>Sempai Herczeg Rich\u00e1rd (1. dan)<\/p>\n","protected":false},"excerpt":{"rendered":"<p>A V\u00e1c De\u00e1kv\u00e1r SE Kyokushin Karate Szakoszt\u00e1lya Edz\u00e9sek: V\u00e1c, S\u00e1gv\u00e1ri Club (Veressipk\u00e1s u. 2.), h\u00e9tf\u0151-cs\u00fct\u00f6rt\u00f6k 18:30-20:00 Keszeg, Konditerem (Pet\u0151fi \u00fat 2.), kedd-szerda: 18:30-20:00 A Klub kezdetei 2002-re tehet\u0151k, amikor Wachtler Viktor klubvezet\u0151 tan\u00edtani kezdett a F\u00f6ldv\u00e1ry K\u00e1roly \u00c1ltal\u00e1nos Iskol\u00e1ban, s ezzel p\u00e1rhuzamosan eleinte csak n\u00e9h\u00e1ny gyereknek oktatni a Kyokushin Karat\u00e9t. Kezdetben a m\u0171k\u00f6d\u00e9s egy budapesti &hellip; <\/p>\n","protected":false},"author":1,"featured_media":0,"parent":0,"menu_order":0,"comment_status":"closed","ping_status":"closed","template":"","meta":{"footnotes":""},"class_list":["post-62","page","type-page","status-publish","hentry","grid-sizer"],"_links":{"self":[{"href":"https:\/\/vacikarateoldal.hu\/index.php?rest_route=\/wp\/v2\/pages\/62","targetHints":{"allow":["GET"]}}],"collection":[{"href":"https:\/\/vacikarateoldal.hu\/index.php?rest_route=\/wp\/v2\/pages"}],"about":[{"href":"https:\/\/vacikarateoldal.hu\/index.php?rest_route=\/wp\/v2\/types\/page"}],"author":[{"embeddable":true,"href":"https:\/\/vacikarateoldal.hu\/index.php?rest_route=\/wp\/v2\/users\/1"}],"replies":[{"embeddable":true,"href":"https:\/\/vacikarateoldal.hu\/index.php?rest_route=%2Fwp%2Fv2%2Fcomments&post=62"}],"version-history":[{"count":4,"href":"https:\/\/vacikarateoldal.hu\/index.php?rest_route=\/wp\/v2\/pages\/62\/revisions"}],"predecessor-version":[{"id":235,"href":"https:\/\/vacikarateoldal.hu\/index.php?rest_route=\/wp\/v2\/pages\/62\/revisions\/235"}],"wp:attachment":[{"href":"https:\/\/vacikarateoldal.hu\/index.php?rest_route=%2Fwp%2Fv2%2Fmedia&parent=62"}],"curies":[{"name":"wp","href":"https:\/\/api.w.org\/{rel}","templated":true}]}}