{"id":50,"date":"2023-01-29T11:27:50","date_gmt":"2023-01-29T11:27:50","guid":{"rendered":"https:\/\/vacikarateoldal.hu\/?page_id=50"},"modified":"2023-01-29T11:30:02","modified_gmt":"2023-01-29T11:30:02","slug":"etikett-viselkedes","status":"publish","type":"page","link":"https:\/\/vacikarateoldal.hu\/?page_id=50","title":{"rendered":"Etikett &#8211; viselked\u00e9s"},"content":{"rendered":"\n<p class=\"has-text-align-center\"><strong>Szab\u00e1lyok<\/strong><\/p>\n\n\n\n<p class=\"has-text-align-center\">\u00a0<strong>Dojo etikett &#8211; a Kyokushin Karate viseked\u00e9si szab\u00e1lyai<\/strong><\/p>\n\n\n\n<p><strong>MI\u00c9RT VAN DOJO ETIKETT?<\/strong><\/p>\n\n\n\n<p><strong>A Kyokushin Karate egy klasszikus harci m\u0171v\u00e9szet. Az egym\u00e1s k\u00f6z\u00f6tti kapcsolatokat a Dojoban a hagyom\u00e1nyos jap\u00e1n karate trad\u00edci\u00f3k szab\u00e1lyozz\u00e1k. Ezek a viselked\u00e9si norm\u00e1k hossz\u00fa id\u0151 alatt alakultak ki \u00e9s j\u00f3l bev\u00e1ltak. A modern nyugati t\u00e1rsadalmakban ezek a norm\u00e1k nem szok\u00e1sosak, teh\u00e1t k\u00fcl\u00f6n meg kell tanulnod \u0151ket, ha a Kyokushin \u00fatj\u00e1t akarod j\u00e1rni. Vannak akik k\u00f6nnyen elfogadj\u00e1k a viselked\u00e9s szab\u00e1lyait, m\u00e1sok nehezen.<\/strong><\/p>\n\n\n\n<p><strong>Az etikett betart\u00e1sa Dojonk\u00e9nt lehet enyh\u00e9bb vagy szigor\u00fabb. A szab\u00e1lyokat nem minden edz\u0151 tartja \u00e9s tartatja be sz\u00f3 szerint, de att\u00f3l m\u00e9g l\u00e9teznek \u00e9s hozz\u00e1tartoznak a Kyokushin Karat\u00e9hoz.<\/strong><br><strong>Ha m\u00e1s klubban, m\u00e1s Dojoban edzel, tartsd be a Dojo etikettet, m\u00edg meg nem ismered a helyi elt\u00e9r\u00e9seket. Nyugodt lehetsz, mert ezek nemzetk\u00f6zi szab\u00e1lyok, amelyek minden Kyokushin Dojora \u00e9rv\u00e9nyesek.<\/strong><\/p>\n\n\n\n<p><strong>MIEL\u0150TT A DOJOBA L\u00c9PSZ<\/strong><\/p>\n\n\n\n<p><strong>A gyakorl\u00f3 ruh\u00e1d (karategi) mindig legyen rendes \u00e9s tiszta. Ha elszakad meg kell varrnod vagy foltoznod. Egy jav\u00edtott, foltozott karategit hordani nem sz\u00e9gyen, de egy szakadtat vagy piszkosat viselni igen.<\/strong><br><strong>A n\u0151k, l\u00e1nyok egysz\u00edn\u0171 feh\u00e9r p\u00f3l\u00f3t hordhatnak a karategi alatt, a f\u00e9rfiak semmit!<\/strong><br><strong>Nem viselhetsz semmilyen \u00e9kszert, kar\u00f3r\u00e1t edz\u00e9s alatt!<\/strong><\/p>\n\n\n\n<p><strong>A Dojoban mez\u00edtl\u00e1b folyik az edz\u00e9s, &#8211; a szab\u00e1ly al\u00f3l kiv\u00e9telt az edz\u0151 tehet, &#8211; ez\u00e9rt a cip\u0151t, papucsot sz\u00e9pen rendben, sorban helyezd el, a Dojo bej\u00e1rata mellett, ha lehet k\u00edv\u00fcl!<\/strong><\/p>\n\n\n\n<p><strong>A DOJOBAN<\/strong><\/p>\n\n\n\n<p><strong>Amikor bel\u00e9psz a Dojoba, vagy elhagyod azt, \u00e1llj meg az ajt\u00f3ban befel\u00e9 fordulva, hajolj meg \u00e9s mondj hangos OSU!-t. Ez jelk\u00e9pezi a Dojo \u00e9s a bent lev\u0151k ir\u00e1nti megbecs\u00fcl\u00e9sedet.<\/strong><\/p>\n\n\n\n<p><strong>Ha bel\u00e9pt\u00e9l a Dojoba \u00e9s m\u00e9g nem kezd\u0151d\u00f6tt el az edz\u00e9s, sorban menj oda a magasabb \u00f6vfokozat\u00faakhoz, meghajl\u00e1ssal \u00e9s OSU!-val k\u00f6sz\u00f6ntsd \u0151ket! Kezdd a legmagasabb \u00f6vfokozat\u00faval!<\/strong><\/p>\n\n\n\n<p><strong>Ha m\u00e1r bent vagy a Dojoban \u00e9s n\u00e1lad magasabb fokozat\u00fa l\u00e9p be v\u00e1rj, am\u00edg \u0151 maga v\u00e9gez a k\u00f6sz\u00f6nt\u00e9sekkel, azut\u00e1n menj oda hozz\u00e1 \u00e9s k\u00f6sz\u00f6ntsd!<\/strong><\/p>\n\n\n\n<p><strong>Ha magasabb fokozat\u00fa kezet ny\u00fajt neked, k\u00e9t k\u00e9zzel viszonozd &#8211; ez a tisztelet jele.&nbsp; A kezeid tartsd egyform\u00e1n, ne a csukl\u00f3j\u00e1t, vagy az alkarj\u00e1t fogd meg a balkezeddel, mert az tiszteletlens\u00e9g.<\/strong><\/p>\n\n\n\n<p><strong>Ha fekete\u00f6ves, vagy az edz\u0151 l\u00e9p a Dojoba, a rangid\u0151s (legmagasabb \u00f6vfokozat\u00fa) karateka vez\u00e9nyeljen FUDO DACHI!-t \u00e9s SEMPAI \/ SENSEI \/ SHIHAN NI REI!-t, a v\u00e1lasz: OSU!<\/strong><\/p>\n\n\n\n<p><strong>A k\u00fczdelmet ne gyakorold, ha az edz\u0151 nincs jelen.<\/strong><\/p>\n\n\n\n<p><strong>A DOJO rendes, tiszta \u00e9s biztons\u00e1gos \u00e1llapot\u00e1nak fenntart\u00e1s\u00e1\u00e9rt mindenki felel\u0151s.<\/strong><\/p>\n\n\n\n<p><strong>Tilos a Dojoban enni, inni, r\u00e1g\u00f3gumizni \u00e9s doh\u00e1nyozni.<\/strong><\/p>\n\n\n\n<p><strong>AZ EDZ\u00c9S KEZDETE<\/strong><\/p>\n\n\n\n<p><strong>Az edz\u00e9s kezdet\u00e9re a rangid\u0151s karateka \u00e1lljon az els\u0151 sor jobb sz\u00e9l\u00e9re, \u00e9s rangsor szerint sorakoztassa a csapatot. Igazodj jobbra \u00e9s el\u0151re. Amikor az edz\u0151 szemben fel\u00e1ll a csapattal, a rangid\u0151s vez\u00e9nyeljen FUDO DACHI-t, majd \u00fcdv\u00f6zl\u00e9st: SEMPAI \/ SENSEI \/ SHIHAN NI REI!-t \u00e9s OTAGAI NI REI!-t. Mindkett\u0151re v\u00e1laszolj meghajl\u00e1ssal \u00e9s hangos OSU!-val. Ezzel az edz\u00e9s elkezd\u0151dik.<\/strong><\/p>\n\n\n\n<p><strong>AZ EDZ\u00c9S<\/strong><\/p>\n\n\n\n<p><strong>Ha k\u00e9sve \u00e9rkezel az edz\u00e9sre, bel\u00e9p\u00e9s \u00e9s k\u00f6sz\u00f6n\u00e9s ut\u00e1n t\u00e9rdelj le az ajt\u00f3 mell\u00e9, a fal fel\u00e9 n\u00e9zve SEIZA-ba. Ha az edz\u0151 sz\u00f3l\u00edt, \u00e1llj fel, fordulj fel\u00e9, hajolj meg \u00e9s mondj OSU!-t. Ut\u00e1na gyorsan \u00e1llj be a sorba! Ilyenkor m\u00e1r ne kezdj el a t\u00e1rsaidnak k\u00f6sz\u00f6ngetni, besz\u00e9lgetni!<\/strong><br><strong>PR\u00d3B\u00c1LJ NEM ELK\u00c9SNI!<\/strong><\/p>\n\n\n\n<p><strong>Mindig gyorsan hajtsd v\u00e9gre az utas\u00edt\u00e1sokat!<\/strong><\/p>\n\n\n\n<p><strong>Ne l\u00e9pj ki a sorb\u00f3l an\u00e9lk\u00fcl, hogy arra enged\u00e9lyt k\u00e9rn\u00e9l az edz\u00e9s vezet\u0151j\u00e9t\u0151l. Ha el kell menned, ne m\u00e1szk\u00e1lj a csapat \u00e9s az edz\u0151 k\u00f6z\u00f6tti t\u00e9ren, l\u00e9pj a sorod m\u00f6g\u00e9, menj ki a sor ment\u00e9n oldalra, \u00e9s ott t\u00e1vozz.<\/strong><\/p>\n\n\n\n<p><strong>Mindig a megfelel\u0151 megsz\u00f3l\u00edt\u00e1st alkalmazd az edz\u00e9svezet\u0151 fel\u00e9 (SEMPAI, SENSEI, SHIHAN) a Dojoban. Ha hozz\u00e1d sz\u00f3l, mindig nyugt\u00e1zd hangos OSU!-val.<\/strong><\/p>\n\n\n\n<p><strong>Ha valamit mondani akarsz az edz\u0151nek, v\u00e1rd meg az alkalmas pillanatot pl. k\u00e9t gyakorlat k\u00f6z\u00f6tt, Yasume alatt, magyar\u00e1zat idej\u00e9n, k\u00e9rd\u00e9sre,.. \u00e9s hangos OSU!-val jelezd a sz\u00e1nd\u00e9kodat. Ha az edz\u0151 megk\u00e9rdezi mit akarsz, akkor k\u00f6z\u00f6ld vele.<\/strong><\/p>\n\n\n\n<p><strong>Ha b\u00e1rmit adsz a feljebbval\u00f3dnak mindig k\u00e9t k\u00e9zzel ny\u00fajtsd \u00e1t. Ez a tisztelet jele.<\/strong><\/p>\n\n\n\n<p><strong>Az edz\u00e9sed komoly dolog. Ne nevetg\u00e9lj, ne vihogj, ne besz\u00e9lj \u00e9s ne szak\u00edtsd meg a gyakorlatot.<\/strong><\/p>\n\n\n\n<p><strong>Mindig FUDO DACHI-ban v\u00e1rd a k\u00f6vetkez\u0151 utas\u00edt\u00e1st, hallgasd a magyar\u00e1zatokat. Soha ne \u00e1lldog\u00e1lj cs\u00edp\u0151re tett k\u00e9zzel.<\/strong><\/p>\n\n\n\n<p><strong>Az edz\u00e9svezet\u0151 minden utas\u00edt\u00e1s\u00e1nak k\u00e9rdez\u00e9s n\u00e9lk\u00fcl engedelmeskedned kell a Dojoban. Nem fog olyasmit k\u00e9rni, amit \u0151 maga ne pr\u00f3b\u00e1lt volna ki. Ha nem tudod helyesen v\u00e9grehajtani, akkor pr\u00f3b\u00e1ld a legjobb tud\u00e1sod szerint megtenni. NE ADD FEL!<\/strong><\/p>\n\n\n\n<p><strong>A p\u00e1ros gyakorlatok megkezd\u00e9se el\u0151tt a partnered fel\u00e9 hajolj meg \u00e9s mondj O NAGAI SHIMASU!-t. Amikor elv\u00e1lsz a partnert\u0151l, k\u00f6sz\u00f6nd meg neki a k\u00f6z\u00f6s munk\u00e1t, mondj ARIGATO GOSAI MASHITA!-t.<\/strong><\/p>\n\n\n\n<p><strong>A sz\u00fcnetek alatt ne \u00fclj le, ne t\u00e1maszkodj, ne fek\u00fcdj le! Csin\u00e1lj valami hasznosat, ne vesztegesd el az edz\u00e9sid\u0151det!<\/strong><\/p>\n\n\n\n<p><strong>AZ EDZ\u00c9S BEFEJEZ\u00c9SE<\/strong><\/p>\n\n\n\n<p><strong>Az edz\u00e9s v\u00e9g\u00e9n az edz\u0151 felsorakoztatja a csapatot \u00e9s meg\u00e1ll vel\u00fck szemben. A rangid\u0151s, aki az els\u0151 sor jobbsz\u00e9l\u00e9n \u00e1ll, vez\u00e9nyeljen: SHINZEN NI REI!-t, v\u00e1lasz OSU!, az edz\u00e9svezet\u0151nek megk\u00f6sz\u00f6nj\u00fck az edz\u00e9st- vez\u00e9nyszavak: SEMPAI \/ SENSEI \/ SHIHAN NI DOMO ARIGATO GOSAI MASHITA! &#8211; v\u00e1lasz: ARIGATO GOSAI MASHITA!, a t\u00e1rsainknak is k\u00f6sz\u00f6netet mondunk &#8211; vez\u00e9nyszavak: OTAGAI NI DOMO ARIGATO GASAI MASHITA! v\u00e1lasz: ARIGATO GOSAI MASHITA!. Az edz\u0151 \u00e1ltal\u00e1ban a KEGOAARI! vez\u00e9nysz\u00f3val jelzi, hogy v\u00e9ge az edz\u00e9snek.<\/strong><br><strong>Miel\u0151tt kil\u00e9psz a sorb\u00f3l, illik megk\u00f6sz\u00f6nn\u00f6d a t\u00e1rsaidnak az edz\u00e9st, mondj nekik ARIGATO GOSAI MASHITA!-t jobbra, el\u0151re, h\u00e1tra \u00e9s balra is.<\/strong><\/p>\n\n\n\n<p><strong>Miel\u0151tt kil\u00e9psz a Dojob\u00f3l, ne felejts el meg\u00e1llni az ajt\u00f3ban befel\u00e9 fordulva, hajolj meg \u00e9s mondj OSU!-t.<\/strong><\/p>\n\n\n\n<p><strong>NE FELEDD!<\/strong><\/p>\n\n\n\n<p><strong>A Dojo etikett ugyan\u00fagy r\u00e9sze a Kyokushin Karat\u00e9nak, mint az \u00fct\u00e9sek, rug\u00e1sok stb. Ha nem tanulod meg \u00e9s nem tartod be, akkor nem Kyokushint csin\u00e1lsz.<\/strong><br><strong>Senki sem k\u00e9nyszer\u00edt t\u00e9ged, hogy Kyokushin \u00fatj\u00e1t j\u00e1rd, j\u00e1rhatod a saj\u00e1t utadat, ha azt jobbnak tartod. Ellenben, ha edz\u00e9seken veszel r\u00e9szt, a Dojo k\u00f6z\u00f6ss\u00e9g\u00e9hez tartozol, azt \u00f6nk\u00e9nt v\u00e1llalod, teh\u00e1t be kell tartanod az udvariass\u00e1g szab\u00e1lyait, tisztelned kell a rangban feljebb lev\u0151ket, de nem csak \u0151ket, hanem minden t\u00e1rsadat.<\/strong><br><strong>A tisztelet kij\u00e1r a rangban feljebb l\u00e9v\u0151knek, teh\u00e1t kij\u00e1r neked is a n\u00e1lad alacsonyabb \u00f6vfokozat\u00faakt\u00f3l &#8211; EBBEN A SORRENDBEN!<\/strong><\/p>\n\n\n\n<p><strong>Gondolkozz el ezen!<\/strong><\/p>\n","protected":false},"excerpt":{"rendered":"<p>Szab\u00e1lyok \u00a0Dojo etikett &#8211; a Kyokushin Karate viseked\u00e9si szab\u00e1lyai MI\u00c9RT VAN DOJO ETIKETT? A Kyokushin Karate egy klasszikus harci m\u0171v\u00e9szet. Az egym\u00e1s k\u00f6z\u00f6tti kapcsolatokat a Dojoban a hagyom\u00e1nyos jap\u00e1n karate trad\u00edci\u00f3k szab\u00e1lyozz\u00e1k. Ezek a viselked\u00e9si norm\u00e1k hossz\u00fa id\u0151 alatt alakultak ki \u00e9s j\u00f3l bev\u00e1ltak. A modern nyugati t\u00e1rsadalmakban ezek a norm\u00e1k nem szok\u00e1sosak, teh\u00e1t k\u00fcl\u00f6n &hellip; <\/p>\n","protected":false},"author":1,"featured_media":0,"parent":0,"menu_order":0,"comment_status":"closed","ping_status":"closed","template":"","meta":{"footnotes":""},"class_list":["post-50","page","type-page","status-publish","hentry","grid-sizer"],"_links":{"self":[{"href":"https:\/\/vacikarateoldal.hu\/index.php?rest_route=\/wp\/v2\/pages\/50","targetHints":{"allow":["GET"]}}],"collection":[{"href":"https:\/\/vacikarateoldal.hu\/index.php?rest_route=\/wp\/v2\/pages"}],"about":[{"href":"https:\/\/vacikarateoldal.hu\/index.php?rest_route=\/wp\/v2\/types\/page"}],"author":[{"embeddable":true,"href":"https:\/\/vacikarateoldal.hu\/index.php?rest_route=\/wp\/v2\/users\/1"}],"replies":[{"embeddable":true,"href":"https:\/\/vacikarateoldal.hu\/index.php?rest_route=%2Fwp%2Fv2%2Fcomments&post=50"}],"version-history":[{"count":2,"href":"https:\/\/vacikarateoldal.hu\/index.php?rest_route=\/wp\/v2\/pages\/50\/revisions"}],"predecessor-version":[{"id":56,"href":"https:\/\/vacikarateoldal.hu\/index.php?rest_route=\/wp\/v2\/pages\/50\/revisions\/56"}],"wp:attachment":[{"href":"https:\/\/vacikarateoldal.hu\/index.php?rest_route=%2Fwp%2Fv2%2Fmedia&parent=50"}],"curies":[{"name":"wp","href":"https:\/\/api.w.org\/{rel}","templated":true}]}}